{"id":38,"date":"2024-01-22T19:06:10","date_gmt":"2024-01-22T19:06:10","guid":{"rendered":"https:\/\/osteosalvador.pt\/?page_id=38"},"modified":"2024-10-14T11:12:33","modified_gmt":"2024-10-14T11:12:33","slug":"contactos","status":"publish","type":"page","link":"https:\/\/osteosalvador.pt\/pt\/contactos\/","title":{"rendered":"Contactos"},"content":{"rendered":"\r\n<h4><a title=\"Onde Estamos\" href=\"https:\/\/maps.app.goo.gl\/ZS6LqJxnJcVfijZF9\" target=\"_blank\" rel=\"noopener\"> Onde Estamos <\/a><\/h4>\r\n<p><a href=\"https:\/\/maps.app.goo.gl\/ZS6LqJxnJcVfijZF9\" target=\"_blank\" rel=\"noopener\">Cal\u00e7ada da Ajuda 72 B, 1300-015 Lisboa<\/a><\/p>\r\n<h4>Contacte-nos<\/h4>\r\n<p>De segunda a quinta das 9h \u00e0s 20h e sextas das 9h \u00e0s 18h<\/p>\r\n<p><a href=\"tel:+351 928 128 561\">+351 928 128 561<\/a><\/p>\r\n<p>(Chamada para rede m\u00f3vel nacional)<\/p>\r\n<p><iframe src=\"https:\/\/www.google.com\/maps\/embed\/v1\/place?q=Osteosalvador&amp;key=AIzaSyD09zQ9PNDNNy9TadMuzRV_UsPUoWKntt8\" aria-hidden=\"true\"><\/iframe><\/p>\r\n","protected":false},"excerpt":{"rendered":"<p>Onde Estamos Cal\u00e7ada da Ajuda 72 B, 1300-015 Lisboa Contacte-nos De segunda a quinta das 9h \u00e0s 20h e sextas das 9h \u00e0s 18h +351 928 128 561 (Chamada para rede m\u00f3vel nacional)<\/p>\n","protected":false},"author":1,"featured_media":0,"parent":0,"menu_order":0,"comment_status":"closed","ping_status":"closed","template":"","meta":{"footnotes":""},"categories":[],"tags":[],"class_list":["post-38","page","type-page","status-publish","hentry"],"_links":{"self":[{"href":"https:\/\/osteosalvador.pt\/pt\/wp-json\/wp\/v2\/pages\/38","targetHints":{"allow":["GET"]}}],"collection":[{"href":"https:\/\/osteosalvador.pt\/pt\/wp-json\/wp\/v2\/pages"}],"about":[{"href":"https:\/\/osteosalvador.pt\/pt\/wp-json\/wp\/v2\/types\/page"}],"author":[{"embeddable":true,"href":"https:\/\/osteosalvador.pt\/pt\/wp-json\/wp\/v2\/users\/1"}],"replies":[{"embeddable":true,"href":"https:\/\/osteosalvador.pt\/pt\/wp-json\/wp\/v2\/comments?post=38"}],"version-history":[{"count":4,"href":"https:\/\/osteosalvador.pt\/pt\/wp-json\/wp\/v2\/pages\/38\/revisions"}],"predecessor-version":[{"id":1302,"href":"https:\/\/osteosalvador.pt\/pt\/wp-json\/wp\/v2\/pages\/38\/revisions\/1302"}],"wp:attachment":[{"href":"https:\/\/osteosalvador.pt\/pt\/wp-json\/wp\/v2\/media?parent=38"}],"wp:term":[{"taxonomy":"category","embeddable":true,"href":"https:\/\/osteosalvador.pt\/pt\/wp-json\/wp\/v2\/categories?post=38"},{"taxonomy":"post_tag","embeddable":true,"href":"https:\/\/osteosalvador.pt\/pt\/wp-json\/wp\/v2\/tags?post=38"}],"curies":[{"name":"wp","href":"https:\/\/api.w.org\/{rel}","templated":true}]}}