{"id":1683,"date":"2026-04-20T17:46:45","date_gmt":"2026-04-20T17:46:45","guid":{"rendered":"https:\/\/osteosalvador.pt\/?page_id=1683"},"modified":"2026-04-21T09:43:09","modified_gmt":"2026-04-21T09:43:09","slug":"marie-ange-antonio","status":"publish","type":"page","link":"https:\/\/osteosalvador.pt\/pt\/equipa\/marie-ange-antonio\/","title":{"rendered":"Marie-Ange Ant\u00f3nio"},"content":{"rendered":"\r\n<figure><img decoding=\"async\" src=\"https:\/\/osteosalvador.pt\/wp-content\/plugins\/bb-plugin\/img\/pixel.png\" alt=\"\" \/><\/figure>\r\n<p>Fisioterapeuta e Osteopata em Lisboa<\/p>\r\n<p>Marie-Ange Ant\u00f3nio \u00e9 fisioterapeuta e osteopata, com uma vasta experi\u00eancia cl\u00ednica na \u00e1rea do movimento e da reabilita\u00e7\u00e3o, desenvolvida ao longo de mais de 20 anos de pr\u00e1tica. Atualmente, dedica-se a uma abordagem integrativa centrada na pessoa, com especial foco na osteopatia pedi\u00e1trica em Lisboa e na sa\u00fade da mulher.<\/p>\r\n<h3>Forma\u00e7\u00e3o e Qualifica\u00e7\u00f5es<\/h3>\r\n<ul>\r\n<li><strong>Licenciatura em Fisioterapia<\/strong><\/li>\r\n<li>Certifica\u00e7\u00e3o em <strong>Osteopatia<\/strong> (forma\u00e7\u00e3o extensiva te\u00f3rico-pr\u00e1tica)<\/li>\r\n<li>Forma\u00e7\u00e3o em <strong>Osteopatia Pedi\u00e1trica<\/strong> (n\u00edvel b\u00e1sico e avan\u00e7ado)<\/li>\r\n<li>Forma\u00e7\u00e3o em <strong>Osteopatia Ginecol\u00f3gica e Gestacional<\/strong><\/li>\r\n<li>Curso de<strong> Drenagem Linf\u00e1tica Terap\u00eautica<\/strong> (m\u00e9todo Leduc), com aplica\u00e7\u00e3o em contexto oncol\u00f3gico (cancro da mama)<\/li>\r\n<li>Certifica\u00e7\u00e3o em <strong>Pilates Matwork<\/strong><\/li>\r\n<li>Forma\u00e7\u00e3o complementar em <strong>embriologia, avalia\u00e7\u00e3o pedi\u00e1trica e padr\u00f5es de movimento<\/strong><\/li>\r\n<\/ul>\r\n<p><a href=\"#1\" target=\"_self\"> LER MAIS <\/a><\/p>\r\n<h3>Artigos e Publica\u00e7\u00f5es<\/h3>\r\n<h3>Depoimentos<\/h3>\r\n<p><pre class=\"ti-widget\"><template id=\"trustindex-google-widget-html\"><div class=\" ti-widget  ti-goog ti-show-rating-text ti-review-text-mode-readmore ti-content-align-center\" data-no-translation=\"true\" data-time-locale=\"%d %s atr\u00e1s|hoje|dia|dias|semana|semanas|m\u00eas|meses|ano|anos\" data-plugin-version=\"13.2.9\" data-layout-id=\"37\" data-layout-category=\"slider\" data-set-id=\"drop-shadow\" data-pid=\"\" data-language=\"pt\" data-close-locale=\"Fechar\" data-css-version=\"2\" data-reply-by-locale=\"Resposta do propriet\u00e1rio\" data-only-rating-locale=\"Este usu\u00e1rio deixou apenas uma avalia\u00e7\u00e3o.\" data-pager-autoplay-timeout=\"6\"> <div class=\"ti-widget-container ti-col-1\"> <div class=\"ti-reviews-container\"> <div class=\"ti-controls\"> <div class=\"ti-next\" aria-label=\"Pr\u00f3xima avalia\u00e7\u00e3o\" role=\"button\" tabindex=\"0\"><\/div> <div class=\"ti-prev\" aria-label=\"Avalia\u00e7\u00e3o anterior\" role=\"button\" tabindex=\"0\"><\/div> <\/div> <div class=\"ti-reviews-container-wrapper\">  <div data-empty=\"0\" data-time=\"1770595200\" class=\"ti-review-item source-Google ti-image-layout-thumbnail\" data-id=\"cfcd208495d565ef66e7dff9f98764da\"> <div class=\"ti-inner\"> <div class=\"ti-review-header\"> <trustindex-image class=\"ti-platform-icon\" data-imgurl=\"https:\/\/cdn.trustindex.io\/assets\/platform\/Google\/icon.svg\" alt=\"\" width=\"20\" height=\"20\" loading=\"lazy\"><\/trustindex-image> <div class=\"ti-profile-img\"> <trustindex-image data-imgurl=\"https:\/\/lh3.googleusercontent.com\/a\/ACg8ocK6w_kQI8xxNT2jQBXC9EpUEpzp_2_eIPLIpx3Y2sPtppuy7A=w64-h64-c-rp-mo-ba2-br100\" alt=\"Will Williams profile picture\" loading=\"lazy\"><\/trustindex-image> <\/div> <div class=\"ti-profile-details\"> <div class=\"ti-name\"> Will Williams <\/div> <div class=\"ti-date\"><\/div> <\/div> <\/div> <span class=\"ti-stars\"><trustindex-image class=\"ti-star\" data-imgurl=\"https:\/\/cdn.trustindex.io\/assets\/platform\/Google\/star\/f.svg\" alt=\"Google star 1\" width=\"17\" height=\"17\" loading=\"lazy\"><\/trustindex-image><trustindex-image class=\"ti-star\" data-imgurl=\"https:\/\/cdn.trustindex.io\/assets\/platform\/Google\/star\/f.svg\" alt=\"Google star 2\" width=\"17\" height=\"17\" loading=\"lazy\"><\/trustindex-image><trustindex-image class=\"ti-star\" data-imgurl=\"https:\/\/cdn.trustindex.io\/assets\/platform\/Google\/star\/f.svg\" alt=\"Google star 3\" width=\"17\" height=\"17\" loading=\"lazy\"><\/trustindex-image><trustindex-image class=\"ti-star\" data-imgurl=\"https:\/\/cdn.trustindex.io\/assets\/platform\/Google\/star\/f.svg\" alt=\"Google star 4\" width=\"17\" height=\"17\" loading=\"lazy\"><\/trustindex-image><trustindex-image class=\"ti-star\" data-imgurl=\"https:\/\/cdn.trustindex.io\/assets\/platform\/Google\/star\/f.svg\" alt=\"Google star 5\" width=\"17\" height=\"17\" loading=\"lazy\"><\/trustindex-image><span class=\"ti-verified-review ti-verified-platform\"><span class=\"ti-verified-tooltip\">Trustindex verifica se a fonte original da avalia\u00e7\u00e3o \u00e9 Google.<\/span><\/span><\/span> <div class=\"ti-review-text-container ti-review-content\"><!-- R-CONTENT -->Very good treatment. Very personable. Identified the issues at the heart of my injury and made a huge difference in just one session. I was very pleased I went.<!-- R-CONTENT --><\/div> <span class=\"ti-read-more\" data-container=\".ti-review-content\" data-collapse-text=\"Esconder\" data-open-text=\"Consulte Mais informa\u00e7\u00e3o\"><\/span> <\/div> <\/div>  <div data-empty=\"0\" data-time=\"1769385600\" class=\"ti-review-item source-Google ti-image-layout-thumbnail\" data-id=\"cfcd208495d565ef66e7dff9f98764da\"> <div class=\"ti-inner\"> <div class=\"ti-review-header\"> <trustindex-image class=\"ti-platform-icon\" data-imgurl=\"https:\/\/cdn.trustindex.io\/assets\/platform\/Google\/icon.svg\" alt=\"\" width=\"20\" height=\"20\" loading=\"lazy\"><\/trustindex-image> <div class=\"ti-profile-img\"> <trustindex-image data-imgurl=\"https:\/\/lh3.googleusercontent.com\/a\/ACg8ocKfRHPfQ_3Dg3hLkVT4Zqf2ZYJZZxaG97Z4WTqt7IoqJz44Yw=w64-h64-c-rp-mo-br100\" alt=\"Martha Punter profile picture\" loading=\"lazy\"><\/trustindex-image> <\/div> <div class=\"ti-profile-details\"> <div class=\"ti-name\"> Martha Punter <\/div> <div class=\"ti-date\"><\/div> <\/div> <\/div> <span class=\"ti-stars\"><trustindex-image class=\"ti-star\" data-imgurl=\"https:\/\/cdn.trustindex.io\/assets\/platform\/Google\/star\/f.svg\" alt=\"Google star 1\" width=\"17\" height=\"17\" loading=\"lazy\"><\/trustindex-image><trustindex-image class=\"ti-star\" data-imgurl=\"https:\/\/cdn.trustindex.io\/assets\/platform\/Google\/star\/f.svg\" alt=\"Google star 2\" width=\"17\" height=\"17\" loading=\"lazy\"><\/trustindex-image><trustindex-image class=\"ti-star\" data-imgurl=\"https:\/\/cdn.trustindex.io\/assets\/platform\/Google\/star\/f.svg\" alt=\"Google star 3\" width=\"17\" height=\"17\" loading=\"lazy\"><\/trustindex-image><trustindex-image class=\"ti-star\" data-imgurl=\"https:\/\/cdn.trustindex.io\/assets\/platform\/Google\/star\/f.svg\" alt=\"Google star 4\" width=\"17\" height=\"17\" loading=\"lazy\"><\/trustindex-image><trustindex-image class=\"ti-star\" data-imgurl=\"https:\/\/cdn.trustindex.io\/assets\/platform\/Google\/star\/f.svg\" alt=\"Google star 5\" width=\"17\" height=\"17\" loading=\"lazy\"><\/trustindex-image><span class=\"ti-verified-review ti-verified-platform\"><span class=\"ti-verified-tooltip\">Trustindex verifica se a fonte original da avalia\u00e7\u00e3o \u00e9 Google.<\/span><\/span><\/span> <div class=\"ti-review-text-container ti-review-content\"><!-- R-CONTENT -->Profissionalismo do t\u00e9cnico, pontualidade das sess\u00f5es, ambiente confort\u00e1vel, bom acompanhamento virtual no atendimento ao cliente.<!-- R-CONTENT --><\/div> <span class=\"ti-read-more\" data-container=\".ti-review-content\" data-collapse-text=\"Esconder\" data-open-text=\"Consulte Mais informa\u00e7\u00e3o\"><\/span> <\/div> <\/div>  <div data-empty=\"0\" data-time=\"1767657600\" class=\"ti-review-item source-Google ti-image-layout-thumbnail\" data-id=\"cfcd208495d565ef66e7dff9f98764da\"> <div class=\"ti-inner\"> <div class=\"ti-review-header\"> <trustindex-image class=\"ti-platform-icon\" data-imgurl=\"https:\/\/cdn.trustindex.io\/assets\/platform\/Google\/icon.svg\" alt=\"\" width=\"20\" height=\"20\" loading=\"lazy\"><\/trustindex-image> <div class=\"ti-profile-img\"> <trustindex-image data-imgurl=\"https:\/\/lh3.googleusercontent.com\/a\/ACg8ocKLgd4z8CPJmBNg2RnsCkUCzN22IQZXbzJWoVMHAdceDJSHL2K6=w64-h64-c-rp-mo-br100\" alt=\"Anna Garcia profile picture\" loading=\"lazy\"><\/trustindex-image> <\/div> <div class=\"ti-profile-details\"> <div class=\"ti-name\"> Anna Garcia <\/div> <div class=\"ti-date\"><\/div> <\/div> <\/div> <span class=\"ti-stars\"><trustindex-image class=\"ti-star\" data-imgurl=\"https:\/\/cdn.trustindex.io\/assets\/platform\/Google\/star\/f.svg\" alt=\"Google star 1\" width=\"17\" height=\"17\" loading=\"lazy\"><\/trustindex-image><trustindex-image class=\"ti-star\" data-imgurl=\"https:\/\/cdn.trustindex.io\/assets\/platform\/Google\/star\/f.svg\" alt=\"Google star 2\" width=\"17\" height=\"17\" loading=\"lazy\"><\/trustindex-image><trustindex-image class=\"ti-star\" data-imgurl=\"https:\/\/cdn.trustindex.io\/assets\/platform\/Google\/star\/f.svg\" alt=\"Google star 3\" width=\"17\" height=\"17\" loading=\"lazy\"><\/trustindex-image><trustindex-image class=\"ti-star\" data-imgurl=\"https:\/\/cdn.trustindex.io\/assets\/platform\/Google\/star\/f.svg\" alt=\"Google star 4\" width=\"17\" height=\"17\" loading=\"lazy\"><\/trustindex-image><trustindex-image class=\"ti-star\" data-imgurl=\"https:\/\/cdn.trustindex.io\/assets\/platform\/Google\/star\/f.svg\" alt=\"Google star 5\" width=\"17\" height=\"17\" loading=\"lazy\"><\/trustindex-image><span class=\"ti-verified-review ti-verified-platform\"><span class=\"ti-verified-tooltip\">Trustindex verifica se a fonte original da avalia\u00e7\u00e3o \u00e9 Google.<\/span><\/span><\/span> <div class=\"ti-review-text-container ti-review-content\"><!-- R-CONTENT -->Extremamente profissional, que explica tudo de forma clara.\nAs sess\u00f5es ajudaram\u2011me muito com a dor no joelho e foram sempre adaptadas ao meu ritmo. Muito satisfeita, recomendo sem hesitar!<!-- R-CONTENT --><\/div> <span class=\"ti-read-more\" data-container=\".ti-review-content\" data-collapse-text=\"Esconder\" data-open-text=\"Consulte Mais informa\u00e7\u00e3o\"><\/span> <\/div> <\/div>  <div data-empty=\"0\" data-time=\"1766448000\" class=\"ti-review-item source-Google ti-image-layout-thumbnail\" data-id=\"cfcd208495d565ef66e7dff9f98764da\"> <div class=\"ti-inner\"> <div class=\"ti-review-header\"> <trustindex-image class=\"ti-platform-icon\" data-imgurl=\"https:\/\/cdn.trustindex.io\/assets\/platform\/Google\/icon.svg\" alt=\"\" width=\"20\" height=\"20\" loading=\"lazy\"><\/trustindex-image> <div class=\"ti-profile-img\"> <trustindex-image data-imgurl=\"https:\/\/lh3.googleusercontent.com\/a\/ACg8ocLwW9DqNPlXNpJHs1Cb7Pof5wppizC7UELa02Zgocmc4xxZoA=w64-h64-c-rp-mo-br100\" alt=\"Carinapereira@hotmail.com Pereira profile picture\" loading=\"lazy\"><\/trustindex-image> <\/div> <div class=\"ti-profile-details\"> <div class=\"ti-name\"> Carinapereira@hotmail.com Pereira <\/div> <div class=\"ti-date\"><\/div> <\/div> <\/div> <span class=\"ti-stars\"><trustindex-image class=\"ti-star\" data-imgurl=\"https:\/\/cdn.trustindex.io\/assets\/platform\/Google\/star\/f.svg\" alt=\"Google star 1\" width=\"17\" height=\"17\" loading=\"lazy\"><\/trustindex-image><trustindex-image class=\"ti-star\" data-imgurl=\"https:\/\/cdn.trustindex.io\/assets\/platform\/Google\/star\/f.svg\" alt=\"Google star 2\" width=\"17\" height=\"17\" loading=\"lazy\"><\/trustindex-image><trustindex-image class=\"ti-star\" data-imgurl=\"https:\/\/cdn.trustindex.io\/assets\/platform\/Google\/star\/f.svg\" alt=\"Google star 3\" width=\"17\" height=\"17\" loading=\"lazy\"><\/trustindex-image><trustindex-image class=\"ti-star\" data-imgurl=\"https:\/\/cdn.trustindex.io\/assets\/platform\/Google\/star\/f.svg\" alt=\"Google star 4\" width=\"17\" height=\"17\" loading=\"lazy\"><\/trustindex-image><trustindex-image class=\"ti-star\" data-imgurl=\"https:\/\/cdn.trustindex.io\/assets\/platform\/Google\/star\/f.svg\" alt=\"Google star 5\" width=\"17\" height=\"17\" loading=\"lazy\"><\/trustindex-image><span class=\"ti-verified-review ti-verified-platform\"><span class=\"ti-verified-tooltip\">Trustindex verifica se a fonte original da avalia\u00e7\u00e3o \u00e9 Google.<\/span><\/span><\/span> <div class=\"ti-review-text-container ti-review-content\"><!-- R-CONTENT -->Foi muito bem atendida pela dra Ana Moreira, gra\u00e7as ela na primeira sec\u00e7\u00e3o j\u00e1 parecia outra. Dor ci\u00e1tica, j\u00e1 tinha v\u00e1rios meses n\u00e3o passava por nada. Doutora fez toda diferen\u00e7a recomendo \ud83e\udd70<!-- R-CONTENT --><\/div> <span class=\"ti-read-more\" data-container=\".ti-review-content\" data-collapse-text=\"Esconder\" data-open-text=\"Consulte Mais informa\u00e7\u00e3o\"><\/span> <\/div> <\/div>  <div data-empty=\"0\" data-time=\"1766448000\" class=\"ti-review-item source-Google ti-image-layout-thumbnail\" data-id=\"cfcd208495d565ef66e7dff9f98764da\"> <div class=\"ti-inner\"> <div class=\"ti-review-header\"> <trustindex-image class=\"ti-platform-icon\" data-imgurl=\"https:\/\/cdn.trustindex.io\/assets\/platform\/Google\/icon.svg\" alt=\"\" width=\"20\" height=\"20\" loading=\"lazy\"><\/trustindex-image> <div class=\"ti-profile-img\"> <trustindex-image data-imgurl=\"https:\/\/lh3.googleusercontent.com\/a-\/ALV-UjUwEh8USUcHpoMT2HTyxJbr1fopdCav4K3ZQh6mYeyh2sH2ZRrA=w64-h64-c-rp-mo-ba3-br100\" alt=\"S\u00f3nia Campos profile picture\" loading=\"lazy\"><\/trustindex-image> <\/div> <div class=\"ti-profile-details\"> <div class=\"ti-name\"> S\u00f3nia Campos <\/div> <div class=\"ti-date\"><\/div> <\/div> <\/div> <span class=\"ti-stars\"><trustindex-image class=\"ti-star\" data-imgurl=\"https:\/\/cdn.trustindex.io\/assets\/platform\/Google\/star\/f.svg\" alt=\"Google star 1\" width=\"17\" height=\"17\" loading=\"lazy\"><\/trustindex-image><trustindex-image class=\"ti-star\" data-imgurl=\"https:\/\/cdn.trustindex.io\/assets\/platform\/Google\/star\/f.svg\" alt=\"Google star 2\" width=\"17\" height=\"17\" loading=\"lazy\"><\/trustindex-image><trustindex-image class=\"ti-star\" data-imgurl=\"https:\/\/cdn.trustindex.io\/assets\/platform\/Google\/star\/f.svg\" alt=\"Google star 3\" width=\"17\" height=\"17\" loading=\"lazy\"><\/trustindex-image><trustindex-image class=\"ti-star\" data-imgurl=\"https:\/\/cdn.trustindex.io\/assets\/platform\/Google\/star\/f.svg\" alt=\"Google star 4\" width=\"17\" height=\"17\" loading=\"lazy\"><\/trustindex-image><trustindex-image class=\"ti-star\" data-imgurl=\"https:\/\/cdn.trustindex.io\/assets\/platform\/Google\/star\/f.svg\" alt=\"Google star 5\" width=\"17\" height=\"17\" loading=\"lazy\"><\/trustindex-image><span class=\"ti-verified-review ti-verified-platform\"><span class=\"ti-verified-tooltip\">Trustindex verifica se a fonte original da avalia\u00e7\u00e3o \u00e9 Google.<\/span><\/span><\/span> <div class=\"ti-review-text-container ti-review-content\"><!-- R-CONTENT -->Excelente profissional, super atencioso, e que explica muito bem todo o processo.Ajudou -me imenso, com as dores no pesco\u00e7o e no ombro.<!-- R-CONTENT --><\/div> <span class=\"ti-read-more\" data-container=\".ti-review-content\" data-collapse-text=\"Esconder\" data-open-text=\"Consulte Mais informa\u00e7\u00e3o\"><\/span> <\/div> <\/div>  <div data-empty=\"0\" data-time=\"1765843200\" class=\"ti-review-item source-Google ti-image-layout-thumbnail\" data-id=\"cfcd208495d565ef66e7dff9f98764da\"> <div class=\"ti-inner\"> <div class=\"ti-review-header\"> <trustindex-image class=\"ti-platform-icon\" data-imgurl=\"https:\/\/cdn.trustindex.io\/assets\/platform\/Google\/icon.svg\" alt=\"\" width=\"20\" height=\"20\" loading=\"lazy\"><\/trustindex-image> <div class=\"ti-profile-img\"> <trustindex-image data-imgurl=\"https:\/\/lh3.googleusercontent.com\/a-\/ALV-UjUQQSSFGS4c5ALi7FczykfydFa8GcxxvOCMEKJHWhqZ-sx59jz6=w64-h64-c-rp-mo-br100\" alt=\"Pedro Bastos profile picture\" loading=\"lazy\"><\/trustindex-image> <\/div> <div class=\"ti-profile-details\"> <div class=\"ti-name\"> Pedro Bastos <\/div> <div class=\"ti-date\"><\/div> <\/div> <\/div> <span class=\"ti-stars\"><trustindex-image class=\"ti-star\" data-imgurl=\"https:\/\/cdn.trustindex.io\/assets\/platform\/Google\/star\/f.svg\" alt=\"Google star 1\" width=\"17\" height=\"17\" loading=\"lazy\"><\/trustindex-image><trustindex-image class=\"ti-star\" data-imgurl=\"https:\/\/cdn.trustindex.io\/assets\/platform\/Google\/star\/f.svg\" alt=\"Google star 2\" width=\"17\" height=\"17\" loading=\"lazy\"><\/trustindex-image><trustindex-image class=\"ti-star\" data-imgurl=\"https:\/\/cdn.trustindex.io\/assets\/platform\/Google\/star\/f.svg\" alt=\"Google star 3\" width=\"17\" height=\"17\" loading=\"lazy\"><\/trustindex-image><trustindex-image class=\"ti-star\" data-imgurl=\"https:\/\/cdn.trustindex.io\/assets\/platform\/Google\/star\/f.svg\" alt=\"Google star 4\" width=\"17\" height=\"17\" loading=\"lazy\"><\/trustindex-image><trustindex-image class=\"ti-star\" data-imgurl=\"https:\/\/cdn.trustindex.io\/assets\/platform\/Google\/star\/f.svg\" alt=\"Google star 5\" width=\"17\" height=\"17\" loading=\"lazy\"><\/trustindex-image><span class=\"ti-verified-review ti-verified-platform\"><span class=\"ti-verified-tooltip\">Trustindex verifica se a fonte original da avalia\u00e7\u00e3o \u00e9 Google.<\/span><\/span><\/span> <div class=\"ti-review-text-container ti-review-content\"><!-- R-CONTENT -->Always get solutions for my issues at OsteoSalvador.  Great client assistance service through Whatsapp.<!-- R-CONTENT --><\/div> <span class=\"ti-read-more\" data-container=\".ti-review-content\" data-collapse-text=\"Esconder\" data-open-text=\"Consulte Mais informa\u00e7\u00e3o\"><\/span> <\/div> <\/div>  <div data-empty=\"0\" data-time=\"1765411200\" class=\"ti-review-item source-Google ti-image-layout-thumbnail\" data-id=\"cfcd208495d565ef66e7dff9f98764da\"> <div class=\"ti-inner\"> <div class=\"ti-review-header\"> <trustindex-image class=\"ti-platform-icon\" data-imgurl=\"https:\/\/cdn.trustindex.io\/assets\/platform\/Google\/icon.svg\" alt=\"\" width=\"20\" height=\"20\" loading=\"lazy\"><\/trustindex-image> <div class=\"ti-profile-img\"> <trustindex-image data-imgurl=\"https:\/\/lh3.googleusercontent.com\/a\/ACg8ocIE7gGKqBe_jWT2Ucim4G27JYvVGZGH5jH8NBI87T5nALizRnQ=w64-h64-c-rp-mo-br100\" alt=\"Marina Razi profile picture\" loading=\"lazy\"><\/trustindex-image> <\/div> <div class=\"ti-profile-details\"> <div class=\"ti-name\"> Marina Razi <\/div> <div class=\"ti-date\"><\/div> <\/div> <\/div> <span class=\"ti-stars\"><trustindex-image class=\"ti-star\" data-imgurl=\"https:\/\/cdn.trustindex.io\/assets\/platform\/Google\/star\/f.svg\" alt=\"Google star 1\" width=\"17\" height=\"17\" loading=\"lazy\"><\/trustindex-image><trustindex-image class=\"ti-star\" data-imgurl=\"https:\/\/cdn.trustindex.io\/assets\/platform\/Google\/star\/f.svg\" alt=\"Google star 2\" width=\"17\" height=\"17\" loading=\"lazy\"><\/trustindex-image><trustindex-image class=\"ti-star\" data-imgurl=\"https:\/\/cdn.trustindex.io\/assets\/platform\/Google\/star\/f.svg\" alt=\"Google star 3\" width=\"17\" height=\"17\" loading=\"lazy\"><\/trustindex-image><trustindex-image class=\"ti-star\" data-imgurl=\"https:\/\/cdn.trustindex.io\/assets\/platform\/Google\/star\/f.svg\" alt=\"Google star 4\" width=\"17\" height=\"17\" loading=\"lazy\"><\/trustindex-image><trustindex-image class=\"ti-star\" data-imgurl=\"https:\/\/cdn.trustindex.io\/assets\/platform\/Google\/star\/f.svg\" alt=\"Google star 5\" width=\"17\" height=\"17\" loading=\"lazy\"><\/trustindex-image><span class=\"ti-verified-review ti-verified-platform\"><span class=\"ti-verified-tooltip\">Trustindex verifica se a fonte original da avalia\u00e7\u00e3o \u00e9 Google.<\/span><\/span><\/span> <div class=\"ti-review-text-container ti-review-content\"><!-- R-CONTENT -->Great experience, loved the holistic approach and all the explanation and besides all the fact I'm feeling great. Grateful for the availability and professionalism.<!-- R-CONTENT --><\/div> <span class=\"ti-read-more\" data-container=\".ti-review-content\" data-collapse-text=\"Esconder\" data-open-text=\"Consulte Mais informa\u00e7\u00e3o\"><\/span> <\/div> <\/div>  <\/div> <\/div> <div class=\"ti-controls-line\"> <div class=\"dot\"><\/div> <\/div> <div class=\"ti-footer\"> <div class=\"ti-rating-text\"> <span class=\"nowrap\">Avalia\u00e7\u00e3o totalizada <strong>Google<\/strong> <\/span><span class=\"nowrap\"><strong>5.0<\/strong> de 5, <\/span><span class=\"nowrap\">com base em <strong>286 avalia\u00e7\u00f5es<\/strong><\/span> <\/div> <\/div>   <\/div> <\/div> <\/template><\/pre><div data-src=\"https:\/\/cdn.trustindex.io\/loader.js?wp-widget\" data-template-id=\"trustindex-google-widget-html\" data-css-url=\"https:\/\/osteosalvador.pt\/wp-content\/uploads\/trustindex-google-widget.css?1776187056\"><\/div> <a href=\"https:\/\/www.google.com\/maps\/place\/Osteopatia+%26+Fisioterapia+Ricardo+Salvador\/@38.6989424,-9.2017059,17z\/data=!4m7!3m6!1s0xd1ecb65634e43dd:0xee8caec1ef5d8fde!8m2!3d38.6989388!4d-9.1995453!9m1!1b1\" target=\"_blank\" rel=\"noopener\"> mais depoimentos <\/a><\/p>\r\n<h2>Marque a Sua Consulta<\/h2>\r\n<p>Pronto para come\u00e7ar a sua jornada de recupera\u00e7\u00e3o com a Professora Elena?<\/p>\r\n<p><a href=\"https:\/\/osteosalvador.pt\/contactos\/\" target=\"_self\"> contacte-nos <\/a><\/p>\r\n","protected":false},"excerpt":{"rendered":"<p>Fisioterapeuta e Osteopata em Lisboa Marie-Ange Ant\u00f3nio \u00e9 fisioterapeuta e osteopata, com uma vasta experi\u00eancia cl\u00ednica na \u00e1rea do movimento e da reabilita\u00e7\u00e3o, desenvolvida ao longo de mais de 20 anos de pr\u00e1tica. Atualmente, dedica-se a uma abordagem integrativa centrada na pessoa, com especial foco na osteopatia pedi\u00e1trica em Lisboa e na sa\u00fade da mulher.&hellip;<\/p>\n","protected":false},"author":1,"featured_media":1691,"parent":70,"menu_order":3,"comment_status":"closed","ping_status":"closed","template":"","meta":{"footnotes":""},"categories":[7],"tags":[],"class_list":["post-1683","page","type-page","status-publish","has-post-thumbnail","hentry","category-equipa"],"_links":{"self":[{"href":"https:\/\/osteosalvador.pt\/pt\/wp-json\/wp\/v2\/pages\/1683","targetHints":{"allow":["GET"]}}],"collection":[{"href":"https:\/\/osteosalvador.pt\/pt\/wp-json\/wp\/v2\/pages"}],"about":[{"href":"https:\/\/osteosalvador.pt\/pt\/wp-json\/wp\/v2\/types\/page"}],"author":[{"embeddable":true,"href":"https:\/\/osteosalvador.pt\/pt\/wp-json\/wp\/v2\/users\/1"}],"replies":[{"embeddable":true,"href":"https:\/\/osteosalvador.pt\/pt\/wp-json\/wp\/v2\/comments?post=1683"}],"version-history":[{"count":3,"href":"https:\/\/osteosalvador.pt\/pt\/wp-json\/wp\/v2\/pages\/1683\/revisions"}],"predecessor-version":[{"id":1692,"href":"https:\/\/osteosalvador.pt\/pt\/wp-json\/wp\/v2\/pages\/1683\/revisions\/1692"}],"up":[{"embeddable":true,"href":"https:\/\/osteosalvador.pt\/pt\/wp-json\/wp\/v2\/pages\/70"}],"wp:featuredmedia":[{"embeddable":true,"href":"https:\/\/osteosalvador.pt\/pt\/wp-json\/wp\/v2\/media\/1691"}],"wp:attachment":[{"href":"https:\/\/osteosalvador.pt\/pt\/wp-json\/wp\/v2\/media?parent=1683"}],"wp:term":[{"taxonomy":"category","embeddable":true,"href":"https:\/\/osteosalvador.pt\/pt\/wp-json\/wp\/v2\/categories?post=1683"},{"taxonomy":"post_tag","embeddable":true,"href":"https:\/\/osteosalvador.pt\/pt\/wp-json\/wp\/v2\/tags?post=1683"}],"curies":[{"name":"wp","href":"https:\/\/api.w.org\/{rel}","templated":true}]}}